{"id":36,"date":"2016-02-19T14:58:50","date_gmt":"2016-02-19T14:58:50","guid":{"rendered":"http:\/\/www.salmijarvi.com\/?post_type=product&#038;p=36"},"modified":"2016-02-19T14:58:50","modified_gmt":"2016-02-19T14:58:50","slug":"valokuvat","status":"publish","type":"product","link":"https:\/\/salmijarvi.com\/?product=valokuvat","title":{"rendered":"Valokuvat"},"content":{"rendered":"<div id=\"attachment_30\" style=\"width: 310px\" class=\"wp-caption alignnone\"><a href=\"http:\/\/www.salmijarvi.com\/wp-content\/uploads\/cropped-202691.jpg\"><img loading=\"lazy\" decoding=\"async\" aria-describedby=\"caption-attachment-30\" class=\"size-medium wp-image-30\" src=\"http:\/\/www.salmijarvi.com\/wp-content\/uploads\/cropped-202691-300x86.jpg\" alt=\"Valokuva p\u00e4ij\u00e4nteelt\u00e4\" width=\"300\" height=\"86\" srcset=\"https:\/\/salmijarvi.com\/wp-content\/uploads\/cropped-202691-300x86.jpg 300w, https:\/\/salmijarvi.com\/wp-content\/uploads\/cropped-202691-500x143.jpg 500w, https:\/\/salmijarvi.com\/wp-content\/uploads\/cropped-202691.jpg 1000w\" sizes=\"auto, (max-width: 300px) 100vw, 300px\" \/><\/a><p id=\"caption-attachment-30\" class=\"wp-caption-text\">Valokuva p\u00e4ij\u00e4nteelt\u00e4<\/p><\/div>\n","protected":false},"excerpt":{"rendered":"<p><a href=\"http:\/\/www.salmijarvi.com\/wp-content\/uploads\/202691.jpg\"><img loading=\"lazy\" decoding=\"async\" class=\"alignnone size-medium wp-image-29\" src=\"http:\/\/www.salmijarvi.com\/wp-content\/uploads\/202691-300x168.jpg\" alt=\"202691\" width=\"300\" height=\"168\" srcset=\"https:\/\/salmijarvi.com\/wp-content\/uploads\/202691-300x168.jpg 300w, https:\/\/salmijarvi.com\/wp-content\/uploads\/202691-1024x576.jpg 1024w, https:\/\/salmijarvi.com\/wp-content\/uploads\/202691-500x281.jpg 500w, https:\/\/salmijarvi.com\/wp-content\/uploads\/202691.jpg 2048w\" sizes=\"auto, (max-width: 300px) 100vw, 300px\" \/><\/a> <a href=\"https:\/\/salmijarvi.com\/?product=valokuvat\">Lue loppuun <span class=\"meta-nav\">&rarr;<\/span><\/a><\/p>\n","protected":false},"featured_media":0,"comment_status":"closed","ping_status":"closed","template":"","meta":[],"product_cat":[],"product_tag":[],"class_list":{"0":"post-36","1":"product","2":"type-product","3":"status-publish","6":"first","7":"instock","8":"sale","9":"shipping-taxable","10":"purchasable","11":"product-type-simple"},"_links":{"self":[{"href":"https:\/\/salmijarvi.com\/index.php?rest_route=\/wp\/v2\/product\/36","targetHints":{"allow":["GET"]}}],"collection":[{"href":"https:\/\/salmijarvi.com\/index.php?rest_route=\/wp\/v2\/product"}],"about":[{"href":"https:\/\/salmijarvi.com\/index.php?rest_route=\/wp\/v2\/types\/product"}],"replies":[{"embeddable":true,"href":"https:\/\/salmijarvi.com\/index.php?rest_route=%2Fwp%2Fv2%2Fcomments&post=36"}],"wp:attachment":[{"href":"https:\/\/salmijarvi.com\/index.php?rest_route=%2Fwp%2Fv2%2Fmedia&parent=36"}],"wp:term":[{"taxonomy":"product_cat","embeddable":true,"href":"https:\/\/salmijarvi.com\/index.php?rest_route=%2Fwp%2Fv2%2Fproduct_cat&post=36"},{"taxonomy":"product_tag","embeddable":true,"href":"https:\/\/salmijarvi.com\/index.php?rest_route=%2Fwp%2Fv2%2Fproduct_tag&post=36"}],"curies":[{"name":"wp","href":"https:\/\/api.w.org\/{rel}","templated":true}]}}